{"id":59,"date":"2013-02-03T06:11:10","date_gmt":"2013-02-03T06:11:10","guid":{"rendered":"http:\/\/bohemianstarlight.com\/cz\/?page_id=59"},"modified":"2018-09-11T07:51:09","modified_gmt":"2018-09-11T07:51:09","slug":"aktualni-vrh","status":"publish","type":"page","link":"https:\/\/bohemianstarlight.com\/cz\/stenata\/aktualni-vrh\/","title":{"rendered":"Aktu\u00e1ln\u00ed vrh"},"content":{"rendered":"<p><span style=\"color: #000000;\"><strong>Dne 5.9.2018 se n\u00e1m narodili \u0161t\u011b\u0148\u00e1tka, 5 hol\u010di\u010dek a 4 kluci.<\/strong><\/span><\/p>\n<p><span style=\"color: #000000;\"><strong>V\u0161echny \u0161t\u011b\u0148\u00e1tka budou kr\u00e9mov\u00e9 barvy, k odb\u011bru od 26.10.2018.<\/strong><\/span><\/p>\n<p><span style=\"color: #000000;\"><strong>Pokud m\u00e1te z\u00e1jem o \u0161t\u011b\u0148\u00e1tko z na\u0161eho vrhu G, nev\u00e1hejte mn\u011b kontaktovat.<\/strong><\/span><\/p>\n<p><span style=\"color: #000000;\"><strong>N\u011bkter\u00e1 po\u0159\u00e1d \u010dekaj\u00ed na sv\u00e9 majitel\u00e9.<\/strong><\/span><\/p>\n<p><a href=\"http:\/\/bohemianstarlight.com\/cz\/wp-content\/uploads\/plak\u00e1t1.png\"><img loading=\"lazy\" decoding=\"async\" class=\"alignnone size-medium wp-image-341\" src=\"http:\/\/bohemianstarlight.com\/cz\/wp-content\/uploads\/plak\u00e1t1-300x203.png\" alt=\"\" width=\"300\" height=\"203\" srcset=\"https:\/\/bohemianstarlight.com\/cz\/wp-content\/uploads\/plak\u00e1t1-300x203.png 300w, https:\/\/bohemianstarlight.com\/cz\/wp-content\/uploads\/plak\u00e1t1-768x521.png 768w, https:\/\/bohemianstarlight.com\/cz\/wp-content\/uploads\/plak\u00e1t1-1024x694.png 1024w\" sizes=\"(max-width: 300px) 100vw, 300px\" \/><\/a> <a href=\"http:\/\/bohemianstarlight.com\/cz\/wp-content\/uploads\/40952058_412731499254962_1840300358560120832_n.jpg\"><img loading=\"lazy\" decoding=\"async\" class=\"alignnone size-medium wp-image-342\" src=\"http:\/\/bohemianstarlight.com\/cz\/wp-content\/uploads\/40952058_412731499254962_1840300358560120832_n-300x225.jpg\" alt=\"\" width=\"300\" height=\"225\" srcset=\"https:\/\/bohemianstarlight.com\/cz\/wp-content\/uploads\/40952058_412731499254962_1840300358560120832_n-300x225.jpg 300w, https:\/\/bohemianstarlight.com\/cz\/wp-content\/uploads\/40952058_412731499254962_1840300358560120832_n.jpg 744w\" sizes=\"(max-width: 300px) 100vw, 300px\" \/><\/a><\/p>\n","protected":false},"excerpt":{"rendered":"<p>Dne 5.9.2018 se n\u00e1m narodili \u0161t\u011b\u0148\u00e1tka, 5 hol\u010di\u010dek a 4 kluci. V\u0161echny \u0161t\u011b\u0148\u00e1tka budou kr\u00e9mov\u00e9 barvy, k odb\u011bru od 26.10.2018. Pokud m\u00e1te z\u00e1jem o \u0161t\u011b\u0148\u00e1tko z na\u0161eho vrhu G, nev\u00e1hejte mn\u011b kontaktovat. N\u011bkter\u00e1 po\u0159\u00e1d \u010dekaj\u00ed na sv\u00e9 majitel\u00e9.<\/p>\n","protected":false},"author":1,"featured_media":0,"parent":31,"menu_order":0,"comment_status":"open","ping_status":"open","template":"","meta":{"footnotes":""},"class_list":["post-59","page","type-page","status-publish","hentry"],"_links":{"self":[{"href":"https:\/\/bohemianstarlight.com\/cz\/wp-json\/wp\/v2\/pages\/59"}],"collection":[{"href":"https:\/\/bohemianstarlight.com\/cz\/wp-json\/wp\/v2\/pages"}],"about":[{"href":"https:\/\/bohemianstarlight.com\/cz\/wp-json\/wp\/v2\/types\/page"}],"author":[{"embeddable":true,"href":"https:\/\/bohemianstarlight.com\/cz\/wp-json\/wp\/v2\/users\/1"}],"replies":[{"embeddable":true,"href":"https:\/\/bohemianstarlight.com\/cz\/wp-json\/wp\/v2\/comments?post=59"}],"version-history":[{"count":7,"href":"https:\/\/bohemianstarlight.com\/cz\/wp-json\/wp\/v2\/pages\/59\/revisions"}],"predecessor-version":[{"id":354,"href":"https:\/\/bohemianstarlight.com\/cz\/wp-json\/wp\/v2\/pages\/59\/revisions\/354"}],"up":[{"embeddable":true,"href":"https:\/\/bohemianstarlight.com\/cz\/wp-json\/wp\/v2\/pages\/31"}],"wp:attachment":[{"href":"https:\/\/bohemianstarlight.com\/cz\/wp-json\/wp\/v2\/media?parent=59"}],"curies":[{"name":"wp","href":"https:\/\/api.w.org\/{rel}","templated":true}]}}