{"id":40,"date":"2013-02-03T06:00:21","date_gmt":"2013-02-03T06:00:21","guid":{"rendered":"http:\/\/bohemianstarlight.com\/cz\/?page_id=40"},"modified":"2018-05-28T08:38:48","modified_gmt":"2018-05-28T08:38:48","slug":"kontakt","status":"publish","type":"page","link":"https:\/\/bohemianstarlight.com\/cz\/kontakt\/","title":{"rendered":"Kontakt"},"content":{"rendered":"<p><span style=\"font-family: arial,helvetica,sans-serif; font-size: 18pt; color: #000000;\"><strong>MVDr.Zdenka Svore\u0148ov\u00e1<\/strong><\/span><\/p>\n<p><span style=\"font-family: arial,helvetica,sans-serif; font-size: 18pt; color: #000000;\"><strong>\u010ce\u010delice<\/strong><\/span><\/p>\n<p><span style=\"font-family: arial,helvetica,sans-serif; font-size: 18pt; color: #000000;\"><strong>775 042 074<\/strong><\/span><\/p>\n<p><span style=\"font-family: arial,helvetica,sans-serif; font-size: 18pt; color: #000000;\"><strong>zsvorenova@seznam.cz<\/strong><\/span><\/p>\n<p>&nbsp;<\/p>\n\n","protected":false},"excerpt":{"rendered":"<p>MVDr.Zdenka Svore\u0148ov\u00e1 \u010ce\u010delice 775 042 074 zsvorenova@seznam.cz &nbsp;<\/p>\n","protected":false},"author":1,"featured_media":0,"parent":0,"menu_order":0,"comment_status":"open","ping_status":"open","template":"","meta":{"footnotes":""},"class_list":["post-40","page","type-page","status-publish","hentry"],"_links":{"self":[{"href":"https:\/\/bohemianstarlight.com\/cz\/wp-json\/wp\/v2\/pages\/40"}],"collection":[{"href":"https:\/\/bohemianstarlight.com\/cz\/wp-json\/wp\/v2\/pages"}],"about":[{"href":"https:\/\/bohemianstarlight.com\/cz\/wp-json\/wp\/v2\/types\/page"}],"author":[{"embeddable":true,"href":"https:\/\/bohemianstarlight.com\/cz\/wp-json\/wp\/v2\/users\/1"}],"replies":[{"embeddable":true,"href":"https:\/\/bohemianstarlight.com\/cz\/wp-json\/wp\/v2\/comments?post=40"}],"version-history":[{"count":7,"href":"https:\/\/bohemianstarlight.com\/cz\/wp-json\/wp\/v2\/pages\/40\/revisions"}],"predecessor-version":[{"id":336,"href":"https:\/\/bohemianstarlight.com\/cz\/wp-json\/wp\/v2\/pages\/40\/revisions\/336"}],"wp:attachment":[{"href":"https:\/\/bohemianstarlight.com\/cz\/wp-json\/wp\/v2\/media?parent=40"}],"curies":[{"name":"wp","href":"https:\/\/api.w.org\/{rel}","templated":true}]}}