{"id":344,"date":"2018-09-11T07:39:47","date_gmt":"2018-09-11T07:39:47","guid":{"rendered":"http:\/\/bohemianstarlight.com\/cz\/?page_id=344"},"modified":"2018-09-11T10:36:49","modified_gmt":"2018-09-11T10:36:49","slug":"crystal-bohemian-starlight","status":"publish","type":"page","link":"https:\/\/bohemianstarlight.com\/cz\/nasi-psi\/crystal-bohemian-starlight\/","title":{"rendered":"Crystal Bohemian Starlight"},"content":{"rendered":"<p><a href=\"http:\/\/bohemianstarlight.com\/cz\/wp-content\/uploads\/Kristy-25-roku-1-z-1.jpg\"><img loading=\"lazy\" decoding=\"async\" class=\"alignnone size-medium wp-image-345\" src=\"http:\/\/bohemianstarlight.com\/cz\/wp-content\/uploads\/Kristy-25-roku-1-z-1-300x185.jpg\" alt=\"\" width=\"300\" height=\"185\" srcset=\"https:\/\/bohemianstarlight.com\/cz\/wp-content\/uploads\/Kristy-25-roku-1-z-1-300x185.jpg 300w, https:\/\/bohemianstarlight.com\/cz\/wp-content\/uploads\/Kristy-25-roku-1-z-1-768x475.jpg 768w, https:\/\/bohemianstarlight.com\/cz\/wp-content\/uploads\/Kristy-25-roku-1-z-1-1024x633.jpg 1024w\" sizes=\"(max-width: 300px) 100vw, 300px\" \/><\/a><\/p>\n<p><span style=\"color: #000000;\"><strong>Datum narozen\u00ed:<\/strong><\/span><\/p>\n<p><span style=\"color: #000000;\"><strong>23.2.2016<\/strong><\/span><\/p>\n<p><span style=\"color: #000000;\"><strong>Zdravotn\u00ed v\u00fdsledky:<\/strong><\/span><\/p>\n<p><span style=\"color: #000000;\"><strong>DKK B\/B, DLK 0\/0<\/strong><\/span><\/p>\n<p><span style=\"color: #000000;\"><strong>GR-PRA1,GR-PRA2, ICT-A clear<\/strong><\/span><\/p>\n<p><span style=\"color: #000000;\"><strong>V\u00fdstavy:<\/strong><\/span><\/p>\n<p><span style=\"color: #000000;\"><strong>2 x CAC<\/strong><\/span><\/p>\n<p><span style=\"color: #000000;\"><strong>Zkou\u0161ky:<\/strong><\/span><\/p>\n<p><span style=\"color: #000000;\"><strong>OVVR<\/strong><\/span><\/p>\n<p>&nbsp;<\/p>\n","protected":false},"excerpt":{"rendered":"<p>Datum narozen\u00ed: 23.2.2016 Zdravotn\u00ed v\u00fdsledky: DKK B\/B, DLK 0\/0 GR-PRA1,GR-PRA2, ICT-A clear V\u00fdstavy: 2 x CAC Zkou\u0161ky: OVVR &nbsp;<\/p>\n","protected":false},"author":1,"featured_media":0,"parent":30,"menu_order":0,"comment_status":"closed","ping_status":"closed","template":"","meta":{"footnotes":""},"class_list":["post-344","page","type-page","status-publish","hentry"],"_links":{"self":[{"href":"https:\/\/bohemianstarlight.com\/cz\/wp-json\/wp\/v2\/pages\/344"}],"collection":[{"href":"https:\/\/bohemianstarlight.com\/cz\/wp-json\/wp\/v2\/pages"}],"about":[{"href":"https:\/\/bohemianstarlight.com\/cz\/wp-json\/wp\/v2\/types\/page"}],"author":[{"embeddable":true,"href":"https:\/\/bohemianstarlight.com\/cz\/wp-json\/wp\/v2\/users\/1"}],"replies":[{"embeddable":true,"href":"https:\/\/bohemianstarlight.com\/cz\/wp-json\/wp\/v2\/comments?post=344"}],"version-history":[{"count":4,"href":"https:\/\/bohemianstarlight.com\/cz\/wp-json\/wp\/v2\/pages\/344\/revisions"}],"predecessor-version":[{"id":371,"href":"https:\/\/bohemianstarlight.com\/cz\/wp-json\/wp\/v2\/pages\/344\/revisions\/371"}],"up":[{"embeddable":true,"href":"https:\/\/bohemianstarlight.com\/cz\/wp-json\/wp\/v2\/pages\/30"}],"wp:attachment":[{"href":"https:\/\/bohemianstarlight.com\/cz\/wp-json\/wp\/v2\/media?parent=344"}],"curies":[{"name":"wp","href":"https:\/\/api.w.org\/{rel}","templated":true}]}}