{"id":31,"date":"2013-02-03T05:59:09","date_gmt":"2013-02-03T05:59:09","guid":{"rendered":"http:\/\/bohemianstarlight.com\/cz\/?page_id=31"},"modified":"2018-09-11T07:48:12","modified_gmt":"2018-09-11T07:48:12","slug":"stenata","status":"publish","type":"page","link":"https:\/\/bohemianstarlight.com\/cz\/stenata\/","title":{"rendered":"\u0160t\u011b\u0148ata"},"content":{"rendered":"<p>&nbsp;<\/p>\n<p><span style=\"color: #000000;\"><strong><a style=\"color: #000000;\" href=\"http:\/\/bohemianstarlight.com\/cz\/stenata\/aktualni-vrh\/\">AKTU\u00c1LN\u00cd VRH<\/a><\/strong><\/span><\/p>\n<p><a href=\"http:\/\/bohemianstarlight.com\/cz\/wp-content\/uploads\/IMG_1274.jpg\"><img loading=\"lazy\" decoding=\"async\" class=\"alignnone size-medium wp-image-349\" src=\"http:\/\/bohemianstarlight.com\/cz\/wp-content\/uploads\/IMG_1274-300x200.jpg\" alt=\"\" width=\"300\" height=\"200\" srcset=\"https:\/\/bohemianstarlight.com\/cz\/wp-content\/uploads\/IMG_1274-300x200.jpg 300w, https:\/\/bohemianstarlight.com\/cz\/wp-content\/uploads\/IMG_1274-768x512.jpg 768w, https:\/\/bohemianstarlight.com\/cz\/wp-content\/uploads\/IMG_1274-1024x683.jpg 1024w\" sizes=\"(max-width: 300px) 100vw, 300px\" \/><\/a><\/p>\n<p>&nbsp;<\/p>\n<p><span style=\"color: #000000;\"><strong><a style=\"color: #000000;\" href=\"http:\/\/bohemianstarlight.com\/cz\/stenata\/planovane-spojeni\/\">PL\u00c1NOVAN\u00c9 SPOJEN\u00cd<\/a><\/strong><\/span><\/p>\n<p><a href=\"http:\/\/bohemianstarlight.com\/cz\/wp-content\/uploads\/IMG_1234.jpg\"><img loading=\"lazy\" decoding=\"async\" class=\"alignnone size-medium wp-image-351\" src=\"http:\/\/bohemianstarlight.com\/cz\/wp-content\/uploads\/IMG_1234-300x169.jpg\" alt=\"\" width=\"300\" height=\"169\" srcset=\"https:\/\/bohemianstarlight.com\/cz\/wp-content\/uploads\/IMG_1234-300x169.jpg 300w, https:\/\/bohemianstarlight.com\/cz\/wp-content\/uploads\/IMG_1234-768x432.jpg 768w, https:\/\/bohemianstarlight.com\/cz\/wp-content\/uploads\/IMG_1234-1024x576.jpg 1024w\" sizes=\"(max-width: 300px) 100vw, 300px\" \/><\/a><\/p>\n<p><span style=\"color: #000000;\"><strong><a style=\"color: #000000;\" href=\"http:\/\/bohemianstarlight.com\/cz\/stenata\/odchovy\/\">ODCHOVY<\/a><\/strong><\/span><\/p>\n<p><a href=\"http:\/\/bohemianstarlight.com\/cz\/wp-content\/uploads\/IMG_6758.jpg\"><img loading=\"lazy\" decoding=\"async\" class=\"alignnone size-medium wp-image-352\" src=\"http:\/\/bohemianstarlight.com\/cz\/wp-content\/uploads\/IMG_6758-279x300.jpg\" alt=\"\" width=\"279\" height=\"300\" srcset=\"https:\/\/bohemianstarlight.com\/cz\/wp-content\/uploads\/IMG_6758-279x300.jpg 279w, https:\/\/bohemianstarlight.com\/cz\/wp-content\/uploads\/IMG_6758-768x826.jpg 768w, https:\/\/bohemianstarlight.com\/cz\/wp-content\/uploads\/IMG_6758-952x1024.jpg 952w\" sizes=\"(max-width: 279px) 100vw, 279px\" \/><\/a><\/p>\n","protected":false},"excerpt":{"rendered":"<p>&nbsp; AKTU\u00c1LN\u00cd VRH &nbsp; PL\u00c1NOVAN\u00c9 SPOJEN\u00cd ODCHOVY<\/p>\n","protected":false},"author":1,"featured_media":0,"parent":0,"menu_order":0,"comment_status":"open","ping_status":"open","template":"","meta":{"footnotes":""},"class_list":["post-31","page","type-page","status-publish","hentry"],"_links":{"self":[{"href":"https:\/\/bohemianstarlight.com\/cz\/wp-json\/wp\/v2\/pages\/31"}],"collection":[{"href":"https:\/\/bohemianstarlight.com\/cz\/wp-json\/wp\/v2\/pages"}],"about":[{"href":"https:\/\/bohemianstarlight.com\/cz\/wp-json\/wp\/v2\/types\/page"}],"author":[{"embeddable":true,"href":"https:\/\/bohemianstarlight.com\/cz\/wp-json\/wp\/v2\/users\/1"}],"replies":[{"embeddable":true,"href":"https:\/\/bohemianstarlight.com\/cz\/wp-json\/wp\/v2\/comments?post=31"}],"version-history":[{"count":7,"href":"https:\/\/bohemianstarlight.com\/cz\/wp-json\/wp\/v2\/pages\/31\/revisions"}],"predecessor-version":[{"id":353,"href":"https:\/\/bohemianstarlight.com\/cz\/wp-json\/wp\/v2\/pages\/31\/revisions\/353"}],"wp:attachment":[{"href":"https:\/\/bohemianstarlight.com\/cz\/wp-json\/wp\/v2\/media?parent=31"}],"curies":[{"name":"wp","href":"https:\/\/api.w.org\/{rel}","templated":true}]}}