{"id":30,"date":"2013-02-03T05:57:59","date_gmt":"2013-02-03T05:57:59","guid":{"rendered":"http:\/\/bohemianstarlight.com\/cz\/?page_id=30"},"modified":"2016-02-20T22:53:58","modified_gmt":"2016-02-20T22:53:58","slug":"nasi-psi","status":"publish","type":"page","link":"https:\/\/bohemianstarlight.com\/cz\/nasi-psi\/","title":{"rendered":"Na\u0161i psi"},"content":{"rendered":"<p><span style=\"color: #000000; font-size: 12pt;\"><strong><a style=\"color: #000000;\" href=\"http:\/\/bohemianstarlight.com\/cz\/nasi-psi\/rainox-release-star-shine\/\">C.I.E., C.I.B., Multi CH Rainox Release Star Shine &#8222;RUBY&#8220;<\/a><\/strong><\/span><\/p>\n<p><a href=\"http:\/\/bohemianstarlight.com\/cz\/wp-content\/uploads\/ruby.jpg\" rel=\"attachment wp-att-265\"><img loading=\"lazy\" decoding=\"async\" class=\"alignnone size-medium wp-image-265\" src=\"http:\/\/bohemianstarlight.com\/cz\/wp-content\/uploads\/ruby-300x200.jpg\" alt=\"ruby\" width=\"300\" height=\"200\" srcset=\"https:\/\/bohemianstarlight.com\/cz\/wp-content\/uploads\/ruby-300x200.jpg 300w, https:\/\/bohemianstarlight.com\/cz\/wp-content\/uploads\/ruby-768x512.jpg 768w, https:\/\/bohemianstarlight.com\/cz\/wp-content\/uploads\/ruby-1024x682.jpg 1024w, https:\/\/bohemianstarlight.com\/cz\/wp-content\/uploads\/ruby.jpg 2000w\" sizes=\"(max-width: 300px) 100vw, 300px\" \/><\/a><\/p>\n<p><span style=\"font-size: 12pt; color: #000000;\"><strong><a style=\"color: #000000;\" href=\"http:\/\/bohemianstarlight.com\/cz\/nasi-psi\/pinia-rozmachany-ogon\/\">PINIA Rozmachany Ogon &#8222;MOLLY&#8220;<\/a><\/strong><\/span><\/p>\n<p><a href=\"http:\/\/bohemianstarlight.com\/cz\/wp-content\/uploads\/Molly.jpg\" rel=\"attachment wp-att-267\"><img loading=\"lazy\" decoding=\"async\" class=\"alignnone size-medium wp-image-267\" src=\"http:\/\/bohemianstarlight.com\/cz\/wp-content\/uploads\/Molly-300x249.jpg\" alt=\"Molly\" width=\"300\" height=\"249\" srcset=\"https:\/\/bohemianstarlight.com\/cz\/wp-content\/uploads\/Molly-300x249.jpg 300w, https:\/\/bohemianstarlight.com\/cz\/wp-content\/uploads\/Molly-768x638.jpg 768w, https:\/\/bohemianstarlight.com\/cz\/wp-content\/uploads\/Molly-1024x851.jpg 1024w, https:\/\/bohemianstarlight.com\/cz\/wp-content\/uploads\/Molly.jpg 1130w\" sizes=\"(max-width: 300px) 100vw, 300px\" \/><\/a><\/p>\n<p><span style=\"font-size: 12pt;\"><strong><span style=\"color: #000000;\"><a style=\"color: #000000;\" href=\"http:\/\/bohemianstarlight.com\/cz\/nasi-psi\/baguette\/\">Baguette de France Bohemian Starlight &#8222;BAGETKA&#8220;<\/a><\/span><br \/>\n<\/strong><\/span><\/p>\n<p><a href=\"http:\/\/bohemianstarlight.com\/cz\/wp-content\/uploads\/Bagetka-Brno-11-m\u011bs\u00edc\u016f.jpg\" rel=\"attachment wp-att-266\"><img loading=\"lazy\" decoding=\"async\" class=\"alignnone size-medium wp-image-266\" src=\"http:\/\/bohemianstarlight.com\/cz\/wp-content\/uploads\/Bagetka-Brno-11-m\u011bs\u00edc\u016f-300x199.jpg\" alt=\"Bagetka Brno 11 m\u011bs\u00edc\u016f\" width=\"300\" height=\"199\" srcset=\"https:\/\/bohemianstarlight.com\/cz\/wp-content\/uploads\/Bagetka-Brno-11-m\u011bs\u00edc\u016f-300x199.jpg 300w, https:\/\/bohemianstarlight.com\/cz\/wp-content\/uploads\/Bagetka-Brno-11-m\u011bs\u00edc\u016f-768x510.jpg 768w, https:\/\/bohemianstarlight.com\/cz\/wp-content\/uploads\/Bagetka-Brno-11-m\u011bs\u00edc\u016f-1024x680.jpg 1024w, https:\/\/bohemianstarlight.com\/cz\/wp-content\/uploads\/Bagetka-Brno-11-m\u011bs\u00edc\u016f.jpg 2048w\" sizes=\"(max-width: 300px) 100vw, 300px\" \/><\/a><\/p>\n","protected":false},"excerpt":{"rendered":"<p>C.I.E., C.I.B., Multi CH Rainox Release Star Shine &#8222;RUBY&#8220; PINIA Rozmachany Ogon &#8222;MOLLY&#8220; Baguette de France Bohemian Starlight &#8222;BAGETKA&#8220;<\/p>\n","protected":false},"author":1,"featured_media":0,"parent":0,"menu_order":0,"comment_status":"open","ping_status":"open","template":"","meta":{"footnotes":""},"class_list":["post-30","page","type-page","status-publish","hentry"],"_links":{"self":[{"href":"https:\/\/bohemianstarlight.com\/cz\/wp-json\/wp\/v2\/pages\/30"}],"collection":[{"href":"https:\/\/bohemianstarlight.com\/cz\/wp-json\/wp\/v2\/pages"}],"about":[{"href":"https:\/\/bohemianstarlight.com\/cz\/wp-json\/wp\/v2\/types\/page"}],"author":[{"embeddable":true,"href":"https:\/\/bohemianstarlight.com\/cz\/wp-json\/wp\/v2\/users\/1"}],"replies":[{"embeddable":true,"href":"https:\/\/bohemianstarlight.com\/cz\/wp-json\/wp\/v2\/comments?post=30"}],"version-history":[{"count":13,"href":"https:\/\/bohemianstarlight.com\/cz\/wp-json\/wp\/v2\/pages\/30\/revisions"}],"predecessor-version":[{"id":311,"href":"https:\/\/bohemianstarlight.com\/cz\/wp-json\/wp\/v2\/pages\/30\/revisions\/311"}],"wp:attachment":[{"href":"https:\/\/bohemianstarlight.com\/cz\/wp-json\/wp\/v2\/media?parent=30"}],"curies":[{"name":"wp","href":"https:\/\/api.w.org\/{rel}","templated":true}]}}