{"id":270,"date":"2016-02-20T15:14:46","date_gmt":"2016-02-20T15:14:46","guid":{"rendered":"http:\/\/bohemianstarlight.com\/cz\/?page_id=270"},"modified":"2018-09-11T07:53:48","modified_gmt":"2018-09-11T07:53:48","slug":"baguette","status":"publish","type":"page","link":"https:\/\/bohemianstarlight.com\/cz\/nasi-psi\/baguette\/","title":{"rendered":"Baguette de France Bohemian Starlight"},"content":{"rendered":"<p><span style=\"font-family: arial,helvetica,sans-serif; font-size: 14pt; color: #000000;\"><strong>&#8222;BAGETKA&#8220;<\/strong><\/span><\/p>\n<p><a href=\"http:\/\/bohemianstarlight.com\/cz\/wp-content\/uploads\/Bagetka-Brno-11-m\u011bs\u00edc\u016f.jpg\" rel=\"attachment wp-att-266\"><img loading=\"lazy\" decoding=\"async\" class=\"alignnone size-medium wp-image-266\" src=\"http:\/\/bohemianstarlight.com\/cz\/wp-content\/uploads\/Bagetka-Brno-11-m\u011bs\u00edc\u016f-300x199.jpg\" alt=\"Bagetka Brno 11 m\u011bs\u00edc\u016f\" width=\"300\" height=\"199\" srcset=\"https:\/\/bohemianstarlight.com\/cz\/wp-content\/uploads\/Bagetka-Brno-11-m\u011bs\u00edc\u016f-300x199.jpg 300w, https:\/\/bohemianstarlight.com\/cz\/wp-content\/uploads\/Bagetka-Brno-11-m\u011bs\u00edc\u016f-768x510.jpg 768w, https:\/\/bohemianstarlight.com\/cz\/wp-content\/uploads\/Bagetka-Brno-11-m\u011bs\u00edc\u016f-1024x680.jpg 1024w, https:\/\/bohemianstarlight.com\/cz\/wp-content\/uploads\/Bagetka-Brno-11-m\u011bs\u00edc\u016f.jpg 2048w\" sizes=\"(max-width: 300px) 100vw, 300px\" \/><\/a><\/p>\n<p><span style=\"color: #000000; font-size: 12pt;\">Nar.: 17.2.2015<\/span><\/p>\n<p><span style=\"color: #000000; font-size: 12pt;\"><strong>DKK<\/strong>: A\/A<\/span><\/p>\n<p><span style=\"color: #000000; font-size: 12pt;\"><strong>DLK<\/strong>: 0\/0<\/span><\/p>\n<p><span style=\"color: #000000; font-size: 12pt;\"><strong>GR-PRA1<\/strong> clear<\/span><\/p>\n<p><span style=\"color: #000000; font-size: 12pt;\"><strong>GR-PRA2<\/strong> carrier<\/span><\/p>\n<p><span style=\"color: #000000; font-size: 12pt;\"><strong>ICT-A<\/strong> affected<\/span><\/p>\n<p><span style=\"color: #000000; font-size: 12pt;\">Otec: C.I.E., C.I.B. Fils a Papa De La Cite Des Etangs<\/span><\/p>\n<p><span style=\"color: #000000; font-size: 12pt;\">Matka: C.I.E., C.I.B. Rainox Release Star Shine<\/span><\/p>\n<p><span style=\"color: #000000; font-size: 12pt;\">Skus n\u016f\u017ekov\u00fd, plnochrup\u00e1<\/span><\/p>\n<p><span style=\"color: #000000; font-size: 12pt;\"><strong>OVVR <\/strong>prosp\u011bla<\/span><\/p>\n<p><span style=\"color: #000000;\"><a style=\"color: #000000;\" href=\"http:\/\/k9data.com\/pedigree.asp?ID=680432\">http:\/\/k9data.com\/pedigree.asp?ID=680432<\/a><\/span><\/p>\n<p><a href=\"http:\/\/bohemianstarlight.com\/cz\/wp-content\/uploads\/bagett-ned\u011ble.jpg\" rel=\"attachment wp-att-271\"><img loading=\"lazy\" decoding=\"async\" class=\"size-medium wp-image-271 alignleft\" src=\"http:\/\/bohemianstarlight.com\/cz\/wp-content\/uploads\/bagett-ned\u011ble-300x200.jpg\" alt=\"bagett ned\u011ble\" width=\"300\" height=\"200\" srcset=\"https:\/\/bohemianstarlight.com\/cz\/wp-content\/uploads\/bagett-ned\u011ble-300x200.jpg 300w, https:\/\/bohemianstarlight.com\/cz\/wp-content\/uploads\/bagett-ned\u011ble-768x512.jpg 768w, https:\/\/bohemianstarlight.com\/cz\/wp-content\/uploads\/bagett-ned\u011ble-1024x683.jpg 1024w\" sizes=\"(max-width: 300px) 100vw, 300px\" \/><\/a><\/p>\n<p><a href=\"http:\/\/bohemianstarlight.com\/cz\/wp-content\/uploads\/oran\u017eov\u00e1.jpg\" rel=\"attachment wp-att-240\"><img loading=\"lazy\" decoding=\"async\" class=\"alignnone size-medium wp-image-240\" src=\"http:\/\/bohemianstarlight.com\/cz\/wp-content\/uploads\/oran\u017eov\u00e1-300x193.jpg\" alt=\"oran\u017eov\u00e1\" width=\"300\" height=\"193\" srcset=\"https:\/\/bohemianstarlight.com\/cz\/wp-content\/uploads\/oran\u017eov\u00e1-300x193.jpg 300w, https:\/\/bohemianstarlight.com\/cz\/wp-content\/uploads\/oran\u017eov\u00e1-1024x658.jpg 1024w, https:\/\/bohemianstarlight.com\/cz\/wp-content\/uploads\/oran\u017eov\u00e1.jpg 1152w\" sizes=\"(max-width: 300px) 100vw, 300px\" \/><\/a><\/p>\n<p>&nbsp;<\/p>\n<table>\n<tbody>\n<tr>\n<td width=\"84\"><span style=\"color: #000000;\">\u00a0<\/span><\/td>\n<td width=\"194\"><span style=\"color: #000000;\">ROK 2015<\/span><\/td>\n<td width=\"126\"><\/td>\n<td width=\"188\"><\/td>\n<\/tr>\n<tr>\n<td><\/td>\n<td><\/td>\n<td><\/td>\n<td><\/td>\n<\/tr>\n<tr>\n<td><span style=\"color: #000000;\">31.10.2015<\/span><\/td>\n<td><span style=\"color: #000000;\">MVP Praha, CZ<\/span><\/td>\n<td><span style=\"color: #000000;\">Velmi nad\u011bjn\u00e1 1<\/span><\/td>\n<td><span style=\"color: #000000;\">Lundgren Bertil<\/span><\/td>\n<\/tr>\n<tr>\n<td><span style=\"color: #000000;\">1.11.2015<\/span><\/td>\n<td><span style=\"color: #000000;\">MVP Praha, CZ<\/span><\/td>\n<td><span style=\"color: #000000;\">Velmi nad\u011bjn\u00e1 1<\/span><\/td>\n<td><span style=\"color: #000000;\">Holm-Hansen Marianne<\/span><\/td>\n<\/tr>\n<tr>\n<td><span style=\"color: #000000;\">21.11.2015<\/span><\/td>\n<td><span style=\"color: #000000;\">KV Kielce, PL<\/span><\/td>\n<td><span style=\"color: #000000;\">V\u00fdborn\u00e1<\/span><\/td>\n<td><span style=\"color: #000000;\">Henric Fryckstrand<\/span><\/td>\n<\/tr>\n<tr>\n<td><span style=\"color: #000000;\">22.11.2015<\/span><\/td>\n<td><span style=\"color: #000000;\">MVP Kilece, PL<\/span><\/td>\n<td><span style=\"color: #000000;\">Velmi dobr\u00e1<\/span><\/td>\n<td><span style=\"color: #000000;\">Ety Goor<\/span><\/td>\n<\/tr>\n<tr>\n<td><span style=\"color: #000000;\">28.11.2015<\/span><\/td>\n<td><span style=\"color: #000000;\">MVP Nitra, SK<\/span><\/td>\n<td><span style=\"color: #000000;\">V\u00fdborn\u00e1 3<\/span><\/td>\n<td><span style=\"color: #000000;\">Erd\u00f6s Laszl\u00f3<\/span><\/td>\n<\/tr>\n<tr>\n<td><span style=\"color: #000000;\">29.11.2015<\/span><\/td>\n<td><span style=\"color: #000000;\">MVP Nitra, SK<\/span><\/td>\n<td><span style=\"color: #000000;\">V\u00fdborn\u00e1 2<\/span><\/td>\n<td><span style=\"color: #000000;\">Mile B. Aleksoski<\/span><\/td>\n<\/tr>\n<tr>\n<td><span style=\"color: #000000;\">4.12.2015<\/span><\/td>\n<td><span style=\"color: #000000;\">NVP Swiebodzice, PL<\/span><\/td>\n<td><span style=\"color: #000000;\">V\u00fdborn\u00e1 1, CAJC<\/span><\/td>\n<td><span style=\"color: #000000;\">M. Wieremiejczyk-Wierz<\/span><\/td>\n<\/tr>\n<tr>\n<td><span style=\"color: #000000;\">\u00a0<\/span><\/td>\n<td><span style=\"color: #000000;\">\u00a0<\/span><\/td>\n<td><span style=\"color: #000000;\">\u00a0<\/span><\/td>\n<td><span style=\"color: #000000;\">\u00a0<\/span><\/td>\n<\/tr>\n<tr>\n<td><span style=\"color: #000000;\">\u00a0<\/span><\/td>\n<td><span style=\"color: #000000;\">ROK 2016<\/span><\/td>\n<td><span style=\"color: #000000;\">\u00a0<\/span><\/td>\n<td><span style=\"color: #000000;\">\u00a0<\/span><\/td>\n<\/tr>\n<tr>\n<td><span style=\"color: #000000;\">\u00a0<\/span><\/td>\n<td><span style=\"color: #000000;\">\u00a0<\/span><\/td>\n<td><span style=\"color: #000000;\">\u00a0<\/span><\/td>\n<td><span style=\"color: #000000;\">\u00a0<\/span><\/td>\n<\/tr>\n<tr>\n<td><span style=\"color: #000000;\">24.1.2016<\/span><\/td>\n<td><span style=\"color: #000000;\">NVP Lubin, PL<\/span><\/td>\n<td><span style=\"color: #000000;\">V\u00fdborn\u00e1 1, CAJC<\/span><\/td>\n<td><span style=\"color: #000000;\">Krystyna Sajn\u00f3g<\/span><\/td>\n<\/tr>\n<tr>\n<td><span style=\"color: #000000;\">6.2.2016<\/span><\/td>\n<td><span style=\"color: #000000;\">MVP Brno, CZ<\/span><\/td>\n<td><span style=\"color: #000000;\">V\u00fdborn\u00e1<\/span><\/td>\n<td><span style=\"color: #000000;\">Grill Ingrid<\/span><\/td>\n<\/tr>\n<tr>\n<td><span style=\"color: #000000;\">7.2.2016<\/span><\/td>\n<td><span style=\"color: #000000;\">MVP Brno, CZ<\/span><\/td>\n<td><span style=\"color: #000000;\">V\u00fdborn\u00e1 3<\/span><\/td>\n<td><span style=\"color: #000000;\">Wonisch G\u00fcnter<\/span><\/td>\n<\/tr>\n<tr>\n<td><span style=\"color: #000000;\">6.3.2016<\/span><\/td>\n<td><span style=\"color: #000000;\">MVP Drzonkow, PL<\/span><\/td>\n<td><span style=\"color: #000000;\">\u00a0<\/span><\/td>\n<td><span style=\"color: #000000;\">Nikolay Sedykh<\/span><\/td>\n<\/tr>\n<tr>\n<td><span style=\"color: #000000;\">2.4.2016<\/span><\/td>\n<td><span style=\"color: #000000;\">MVP Nitra, SK<\/span><\/td>\n<td><span style=\"color: #000000;\">\u00a0<\/span><\/td>\n<td><span style=\"color: #000000;\">Opris Roxana Liliana<\/span><\/td>\n<\/tr>\n<tr>\n<td><span style=\"color: #000000;\">3.4.2016<\/span><\/td>\n<td><span style=\"color: #000000;\">MVP Nitra, SK<\/span><\/td>\n<td><span style=\"color: #000000;\">\u00a0<\/span><\/td>\n<td><span style=\"color: #000000;\">Neofytou Erodotos<\/span><\/td>\n<\/tr>\n<\/tbody>\n<\/table>\n","protected":false},"excerpt":{"rendered":"<p>&#8222;BAGETKA&#8220; Nar.: 17.2.2015 DKK: A\/A DLK: 0\/0 GR-PRA1 clear GR-PRA2 carrier ICT-A affected Otec: C.I.E., C.I.B. Fils a Papa De La Cite Des Etangs Matka: C.I.E., C.I.B. Rainox Release Star Shine Skus n\u016f\u017ekov\u00fd, plnochrup\u00e1 OVVR prosp\u011bla http:\/\/k9data.com\/pedigree.asp?ID=680432 &nbsp; \u00a0 ROK 2015 31.10.2015 MVP Praha, CZ Velmi nad\u011bjn\u00e1 1 Lundgren Bertil 1.11.2015 MVP Praha, CZ Velmi [&hellip;]<\/p>\n","protected":false},"author":1,"featured_media":0,"parent":30,"menu_order":0,"comment_status":"closed","ping_status":"closed","template":"","meta":{"footnotes":""},"class_list":["post-270","page","type-page","status-publish","hentry"],"_links":{"self":[{"href":"https:\/\/bohemianstarlight.com\/cz\/wp-json\/wp\/v2\/pages\/270"}],"collection":[{"href":"https:\/\/bohemianstarlight.com\/cz\/wp-json\/wp\/v2\/pages"}],"about":[{"href":"https:\/\/bohemianstarlight.com\/cz\/wp-json\/wp\/v2\/types\/page"}],"author":[{"embeddable":true,"href":"https:\/\/bohemianstarlight.com\/cz\/wp-json\/wp\/v2\/users\/1"}],"replies":[{"embeddable":true,"href":"https:\/\/bohemianstarlight.com\/cz\/wp-json\/wp\/v2\/comments?post=270"}],"version-history":[{"count":10,"href":"https:\/\/bohemianstarlight.com\/cz\/wp-json\/wp\/v2\/pages\/270\/revisions"}],"predecessor-version":[{"id":355,"href":"https:\/\/bohemianstarlight.com\/cz\/wp-json\/wp\/v2\/pages\/270\/revisions\/355"}],"up":[{"embeddable":true,"href":"https:\/\/bohemianstarlight.com\/cz\/wp-json\/wp\/v2\/pages\/30"}],"wp:attachment":[{"href":"https:\/\/bohemianstarlight.com\/cz\/wp-json\/wp\/v2\/media?parent=270"}],"curies":[{"name":"wp","href":"https:\/\/api.w.org\/{rel}","templated":true}]}}