{"id":24,"date":"2013-02-03T05:56:33","date_gmt":"2013-02-03T05:56:33","guid":{"rendered":"http:\/\/bohemianstarlight.com\/cz\/?page_id=24"},"modified":"2020-09-18T06:05:07","modified_gmt":"2020-09-18T06:05:07","slug":"o-nas","status":"publish","type":"page","link":"https:\/\/bohemianstarlight.com\/cz\/","title":{"rendered":"O n\u00e1s"},"content":{"rendered":"<p><span style=\"color: #000000;\"><strong><span style=\"font-family: 'times new roman', times; font-size: 18px;\">Co o n\u00e1s \u0159\u00edct\u2026..<\/span><\/strong><\/span><\/p>\n<p><a href=\"https:\/\/bohemianstarlight.com\/cz\/wp-content\/uploads\/zdenka-svorenova.jpg\"><img loading=\"lazy\" decoding=\"async\" class=\"alignnone size-medium wp-image-381\" src=\"https:\/\/bohemianstarlight.com\/cz\/wp-content\/uploads\/zdenka-svorenova-300x224.jpg\" alt=\"Zdenka Svore\u0148ov\u00e1\" width=\"300\" height=\"224\" srcset=\"https:\/\/bohemianstarlight.com\/cz\/wp-content\/uploads\/zdenka-svorenova-300x224.jpg 300w, https:\/\/bohemianstarlight.com\/cz\/wp-content\/uploads\/zdenka-svorenova-1024x766.jpg 1024w, https:\/\/bohemianstarlight.com\/cz\/wp-content\/uploads\/zdenka-svorenova-768x574.jpg 768w, https:\/\/bohemianstarlight.com\/cz\/wp-content\/uploads\/zdenka-svorenova.jpg 1026w\" sizes=\"(max-width: 300px) 100vw, 300px\" \/><\/a><\/p>\n<p><span style=\"color: #000000;\"><strong><span style=\"font-family: 'times new roman', times; font-size: 16px;\">Psy a jin\u00e1 zv\u00ed\u0159ata mn\u011b doprov\u00e1zej\u00ed u\u017e od d\u011btstv\u00ed. Narodila jsem se v rodin\u011b myslivce, tak\u017ee loveck\u00e1 plemena byly sou\u010d\u00e1st\u00ed na\u0161\u00ed rodiny od nepam\u011bti. Ale dodnes si pamatuji den (bylo mi asi deset), kdy t\u00e1ta p\u0159inesl dom\u016f prout\u011bn\u00fd ko\u0161\u00edk a kdy\u017e jsem ho otev\u0159ela, byla v n\u011bm mal\u00e1 chlupat\u00e1 kuli\u010dka &#8211; m\u016fj prvn\u00ed pes jm\u00e9nem D\u00e1\u0161enka plemene Pekinsk\u00fd pal\u00e1cov\u00fd ps\u00edk.\u00a0 Kdy\u017e\u00a0 mn\u011b moje nerozlu\u010dn\u00e1 k\u00e1mo\u0161ka o p\u00e1r let opustila, za\u010dala jsem se b\u011bhem\u00a0 studi\u00ed na st\u0159edn\u00ed \u0161kole\u00a0 v\u011bnovat pracovn\u00ed kynologii a po\u0159\u00eddila jsem si Dobrmana jm\u00e9nem Klea a pozd\u011bji N\u011bmeck\u00e9ho ov\u010d\u00e1ka jm\u00e9nem Bessy. Kdy\u017e jsem za\u010dala studovat na Univerzit\u011b veterin\u00e1rn\u00edho l\u00e9ka\u0159stv\u00ed a farmacie\u00a0 v\u00a0Ko\u0161ic\u00edch(SR), bohu\u017eel jsem nem\u011bla mo\u017enost d\u00e1l se v\u011bnovat pracovn\u00edm plemen\u016fm a tak jsem se p\u0159ihl\u00e1sila do mysliveck\u00e9ho krou\u017eku a dostala jsem mo\u017enost cvi\u010dit fenku Zlat\u00e9ho Retrievera jm\u00e9nem Corina Cassovia White Star (pro n\u00e1s Ajsa), pro m\u011b v t\u00e9 dob\u011b \u00fapln\u011b nezn\u00e1m\u00e9ho plemene.<\/span><\/strong><\/span><\/p>\n<p><span style=\"color: #000000;\"><strong><span style=\"font-family: 'times new roman', times; font-size: 16px;\">A tahle fenka zm\u011bnila m\u016fj \u017eivot &#8211; u\u010darovala mi jej\u00ed neutuchaj\u00edc\u00ed v\u00e1\u0161e\u0148 k aportu, neskute\u010dn\u00e1 v\u00fddr\u017e co se t\u00fdkalo pobytu ve vod\u011b a hlavn\u011b \u00fa\u017easn\u00e1 povaha jak ve vztahu k lidem, tak i ke zv\u00ed\u0159at\u016fm. Rozhodla jsem se, \u017ee hned, jak to bude mo\u017en\u00e9, po\u0159\u00edd\u00edm si VLASTN\u00cdHO retrievera.<\/span><\/strong><\/span><\/p>\n<p><span style=\"color: #000000;\"><strong><span style=\"font-family: 'times new roman', times; font-size: 16px;\">A ten okam\u017eik p\u0159i\u0161el v roce 2003 &#8211; povedlo se mi sehnat \u0161t\u011b\u0148\u00e1tko ze stejn\u00e9 chovatelsk\u00e9 stanice, t\u00e9m\u011b\u0159 stejn\u00e9ho p\u016fvodu. A tak byl kousek Ajsy po\u0159\u00e1d se mnou \ud83d\ude42<\/span><\/strong><\/span><\/p>\n<p><span style=\"color: #000000;\"><strong><span style=\"font-family: 'times new roman', times; font-size: 16px;\">Ally (Erna Cassovia White Star) mn\u011b p\u0159esv\u011bd\u010dila, \u017ee snad neexistuje ide\u00e1ln\u011bj\u0161\u00ed plemeno ne\u017e \u201ezla\u0165\u00e1k\u201c.<\/span><\/strong><\/span><\/p>\n<p><span style=\"color: #000000;\"><strong><span style=\"font-family: 'times new roman', times; font-size: 16px;\">Byla skv\u011bl\u00e1 jako matka (odchovala n\u00e1m t\u0159i vrhy), tak i ve sme\u010dce, k lidem, d\u011btem a p\u0159itom ne\u00fanavn\u00fd pracant. Pak ale bohu\u017eel ve v\u011bku 6 let osud zas\u00e1hl a ona n\u00e1s musela nav\u017edy opustit \ud83d\ude41<\/span><\/strong><\/span><\/p>\n<p><span style=\"color: #000000;\"><strong><span style=\"font-family: 'times new roman', times; font-size: 16px;\">J\u00e1 si ale nedovedla sv\u016fj \u017eivot u\u017e d\u00e1l bez \u201ezla\u0165\u00e1k\u016f\u201c p\u0159edstavit a tak se na\u0161e sme\u010dka rozrostla o dal\u0161\u00ed chlupatou b\u00edlou kouli &#8211; do na\u0161eho \u017eivota vstoupila Ruby (Rainox Release Star Shine).<\/span><\/strong><\/span><\/p>\n<p><span style=\"color: #000000;\"><strong><span style=\"font-family: 'times new roman', times; font-size: 16px;\">A j\u00e1 jenom douf\u00e1m, \u017ee t\u00edm n\u00e1\u0161 p\u0159\u00edb\u011bh nekon\u010d\u00ed a postupn\u011b se budeme rozr\u016fstat d\u00e1l \ud83d\ude42<\/span><\/strong><\/span><\/p>\n<p><span style=\"color: #000000;\"><strong><span style=\"font-family: 'times new roman', times; font-size: 16px;\">\u00a0<\/span><\/strong><\/span><\/p>\n<p><span style=\"color: #000000;\"><strong><span style=\"font-family: 'times new roman', times; font-size: 16px;\">MVDr.Zdenka Svore\u0148ov\u00e1, chovatelka<\/span><\/strong><\/span><\/p>\n","protected":false},"excerpt":{"rendered":"<p>Co o n\u00e1s \u0159\u00edct\u2026.. Psy a jin\u00e1 zv\u00ed\u0159ata mn\u011b doprov\u00e1zej\u00ed u\u017e od d\u011btstv\u00ed. Narodila jsem se v rodin\u011b myslivce, tak\u017ee loveck\u00e1 plemena byly sou\u010d\u00e1st\u00ed na\u0161\u00ed rodiny od nepam\u011bti. Ale dodnes si pamatuji den (bylo mi asi deset), kdy t\u00e1ta p\u0159inesl dom\u016f prout\u011bn\u00fd ko\u0161\u00edk a kdy\u017e jsem ho otev\u0159ela, byla v n\u011bm mal\u00e1 chlupat\u00e1 kuli\u010dka &#8211; [&hellip;]<\/p>\n","protected":false},"author":1,"featured_media":0,"parent":0,"menu_order":0,"comment_status":"open","ping_status":"open","template":"","meta":{"footnotes":""},"class_list":["post-24","page","type-page","status-publish","hentry"],"_links":{"self":[{"href":"https:\/\/bohemianstarlight.com\/cz\/wp-json\/wp\/v2\/pages\/24"}],"collection":[{"href":"https:\/\/bohemianstarlight.com\/cz\/wp-json\/wp\/v2\/pages"}],"about":[{"href":"https:\/\/bohemianstarlight.com\/cz\/wp-json\/wp\/v2\/types\/page"}],"author":[{"embeddable":true,"href":"https:\/\/bohemianstarlight.com\/cz\/wp-json\/wp\/v2\/users\/1"}],"replies":[{"embeddable":true,"href":"https:\/\/bohemianstarlight.com\/cz\/wp-json\/wp\/v2\/comments?post=24"}],"version-history":[{"count":17,"href":"https:\/\/bohemianstarlight.com\/cz\/wp-json\/wp\/v2\/pages\/24\/revisions"}],"predecessor-version":[{"id":382,"href":"https:\/\/bohemianstarlight.com\/cz\/wp-json\/wp\/v2\/pages\/24\/revisions\/382"}],"wp:attachment":[{"href":"https:\/\/bohemianstarlight.com\/cz\/wp-json\/wp\/v2\/media?parent=24"}],"curies":[{"name":"wp","href":"https:\/\/api.w.org\/{rel}","templated":true}]}}