{"id":230,"date":"2016-02-19T15:08:19","date_gmt":"2016-02-19T15:08:19","guid":{"rendered":"http:\/\/bohemianstarlight.com\/cz\/?page_id=230"},"modified":"2016-02-20T21:53:21","modified_gmt":"2016-02-20T21:53:21","slug":"vrh-b","status":"publish","type":"page","link":"https:\/\/bohemianstarlight.com\/cz\/stenata\/odchovy\/vrh-b\/","title":{"rendered":"VRH B"},"content":{"rendered":"<p><span style=\"font-size: large;\">\u00a0<span style=\"color: #000000;\"> Otec: Multi CH. Fils a Papa De La Cite Des Etangs\u00a0 <\/span><\/span><\/p>\n<p><span style=\"font-size: large; color: #000000;\">\u00a0 Matka: C.I.E, C.I.B. Rainox Release Star Shine\u00a0\u00a0 <\/span><\/p>\n<p><span style=\"font-size: large; color: #000000;\">\u00a0 Narozen\u00e9: 17.2.2015<br \/>\n<\/span><\/p>\n<p><strong><span style=\"color: #000000;\">Beauty from Bohemian Starlight\u00a0 ( B\u00e1ra )<\/span><\/strong><\/p>\n<p><a href=\"http:\/\/bohemianstarlight.com\/cz\/wp-content\/uploads\/r\u016f\u017eov\u00e1-hlava.jpg\">\u00a0<img loading=\"lazy\" decoding=\"async\" class=\"alignnone wp-image-243\" src=\"http:\/\/bohemianstarlight.com\/cz\/wp-content\/uploads\/r\u016f\u017eov\u00e1-hlava-230x300.jpg\" alt=\"r\u016f\u017eov\u00e1 hlava\" width=\"142\" height=\"185\" srcset=\"https:\/\/bohemianstarlight.com\/cz\/wp-content\/uploads\/r\u016f\u017eov\u00e1-hlava-230x300.jpg 230w, https:\/\/bohemianstarlight.com\/cz\/wp-content\/uploads\/r\u016f\u017eov\u00e1-hlava.jpg 767w\" sizes=\"(max-width: 142px) 100vw, 142px\" \/><\/a><a href=\"http:\/\/bohemianstarlight.com\/cz\/wp-content\/uploads\/r\u016f\u017eov\u00e12.jpg\"><img loading=\"lazy\" decoding=\"async\" class=\"alignnone size-medium wp-image-244\" src=\"http:\/\/bohemianstarlight.com\/cz\/wp-content\/uploads\/r\u016f\u017eov\u00e12-300x186.jpg\" alt=\"r\u016f\u017eov\u00e1\" width=\"300\" height=\"186\" srcset=\"https:\/\/bohemianstarlight.com\/cz\/wp-content\/uploads\/r\u016f\u017eov\u00e12-300x186.jpg 300w, https:\/\/bohemianstarlight.com\/cz\/wp-content\/uploads\/r\u016f\u017eov\u00e12-1024x633.jpg 1024w, https:\/\/bohemianstarlight.com\/cz\/wp-content\/uploads\/r\u016f\u017eov\u00e12.jpg 1135w\" sizes=\"(max-width: 300px) 100vw, 300px\" \/><\/a><\/p>\n<p><strong><span style=\"color: #000000;\">Blueberry from Bohemian Starlight ( Ruby)<\/span><\/strong><\/p>\n<p><a href=\"http:\/\/bohemianstarlight.com\/cz\/wp-content\/uploads\/\u017elut\u00e1-hlava.jpg\"><img loading=\"lazy\" decoding=\"async\" class=\"alignnone wp-image-237\" src=\"http:\/\/bohemianstarlight.com\/cz\/wp-content\/uploads\/\u017elut\u00e1-hlava-240x300.jpg\" alt=\"\u017elut\u00e1 hlava\" width=\"145\" height=\"181\" srcset=\"https:\/\/bohemianstarlight.com\/cz\/wp-content\/uploads\/\u017elut\u00e1-hlava-240x300.jpg 240w, https:\/\/bohemianstarlight.com\/cz\/wp-content\/uploads\/\u017elut\u00e1-hlava-819x1024.jpg 819w, https:\/\/bohemianstarlight.com\/cz\/wp-content\/uploads\/\u017elut\u00e1-hlava.jpg 891w\" sizes=\"(max-width: 145px) 100vw, 145px\" \/><\/a><a href=\"http:\/\/bohemianstarlight.com\/cz\/wp-content\/uploads\/\u017elut\u00e1.jpg\"><img loading=\"lazy\" decoding=\"async\" class=\"alignnone size-medium wp-image-238\" src=\"http:\/\/bohemianstarlight.com\/cz\/wp-content\/uploads\/\u017elut\u00e1-300x180.jpg\" alt=\"\u017elut\u00e1\" width=\"300\" height=\"180\" srcset=\"https:\/\/bohemianstarlight.com\/cz\/wp-content\/uploads\/\u017elut\u00e1-300x180.jpg 300w, https:\/\/bohemianstarlight.com\/cz\/wp-content\/uploads\/\u017elut\u00e1-1024x615.jpg 1024w, https:\/\/bohemianstarlight.com\/cz\/wp-content\/uploads\/\u017elut\u00e1.jpg 1184w\" sizes=\"(max-width: 300px) 100vw, 300px\" \/><\/a><\/p>\n<p><span style=\"color: #000000;\"><strong>Baguette de France Bohemian Starlight ( Bagetka)<\/strong><\/span><\/p>\n<p><a href=\"http:\/\/bohemianstarlight.com\/cz\/wp-content\/uploads\/Oran\u017eov\u00e1-hlava.jpg\"><img loading=\"lazy\" decoding=\"async\" class=\"alignnone wp-image-239\" src=\"http:\/\/bohemianstarlight.com\/cz\/wp-content\/uploads\/Oran\u017eov\u00e1-hlava-260x300.jpg\" alt=\"Oran\u017eov\u00e1 hlava\" width=\"160\" height=\"184\" srcset=\"https:\/\/bohemianstarlight.com\/cz\/wp-content\/uploads\/Oran\u017eov\u00e1-hlava-260x300.jpg 260w, https:\/\/bohemianstarlight.com\/cz\/wp-content\/uploads\/Oran\u017eov\u00e1-hlava.jpg 843w\" sizes=\"(max-width: 160px) 100vw, 160px\" \/><\/a><a href=\"http:\/\/bohemianstarlight.com\/cz\/wp-content\/uploads\/oran\u017eov\u00e1.jpg\"><img loading=\"lazy\" decoding=\"async\" class=\"alignnone wp-image-240\" src=\"http:\/\/bohemianstarlight.com\/cz\/wp-content\/uploads\/oran\u017eov\u00e1-300x193.jpg\" alt=\"oran\u017eov\u00e1\" width=\"286\" height=\"184\" srcset=\"https:\/\/bohemianstarlight.com\/cz\/wp-content\/uploads\/oran\u017eov\u00e1-300x193.jpg 300w, https:\/\/bohemianstarlight.com\/cz\/wp-content\/uploads\/oran\u017eov\u00e1-1024x658.jpg 1024w, https:\/\/bohemianstarlight.com\/cz\/wp-content\/uploads\/oran\u017eov\u00e1.jpg 1152w\" sizes=\"(max-width: 286px) 100vw, 286px\" \/><\/a><\/p>\n<p><span style=\"color: #000000;\"><strong>Be My Secret from Bohemian Starlight ( Matty)<\/strong><\/span><\/p>\n<p><a href=\"http:\/\/bohemianstarlight.com\/cz\/wp-content\/uploads\/\u0161ediv\u00fd-hlava.jpg\"><img loading=\"lazy\" decoding=\"async\" class=\"alignnone wp-image-241\" src=\"http:\/\/bohemianstarlight.com\/cz\/wp-content\/uploads\/\u0161ediv\u00fd-hlava-232x300.jpg\" alt=\"\u0161ediv\u00fd hlava\" width=\"152\" height=\"197\" srcset=\"https:\/\/bohemianstarlight.com\/cz\/wp-content\/uploads\/\u0161ediv\u00fd-hlava-232x300.jpg 232w, https:\/\/bohemianstarlight.com\/cz\/wp-content\/uploads\/\u0161ediv\u00fd-hlava.jpg 777w\" sizes=\"(max-width: 152px) 100vw, 152px\" \/><\/a><a href=\"http:\/\/bohemianstarlight.com\/cz\/wp-content\/uploads\/\u0161ed\u00fd.jpg\"><img loading=\"lazy\" decoding=\"async\" class=\"alignnone wp-image-242\" src=\"http:\/\/bohemianstarlight.com\/cz\/wp-content\/uploads\/\u0161ed\u00fd-300x199.jpg\" alt=\"\u0161ed\u00fd\" width=\"295\" height=\"196\" srcset=\"https:\/\/bohemianstarlight.com\/cz\/wp-content\/uploads\/\u0161ed\u00fd-300x199.jpg 300w, https:\/\/bohemianstarlight.com\/cz\/wp-content\/uploads\/\u0161ed\u00fd-1024x680.jpg 1024w, https:\/\/bohemianstarlight.com\/cz\/wp-content\/uploads\/\u0161ed\u00fd.jpg 1287w\" sizes=\"(max-width: 295px) 100vw, 295px\" \/><\/a><\/p>\n<p><span style=\"color: #000000;\"><strong>Be My Sultan from Bohemian Starlight ( Sult\u00e1nek)<\/strong><\/span><\/p>\n<p><a href=\"http:\/\/bohemianstarlight.com\/cz\/wp-content\/uploads\/Zelen\u00fd-hlava.jpg\"><img loading=\"lazy\" decoding=\"async\" class=\"alignnone wp-image-235\" src=\"http:\/\/bohemianstarlight.com\/cz\/wp-content\/uploads\/Zelen\u00fd-hlava-216x300.jpg\" alt=\"Zelen\u00fd hlava\" width=\"135\" height=\"187\" srcset=\"https:\/\/bohemianstarlight.com\/cz\/wp-content\/uploads\/Zelen\u00fd-hlava-216x300.jpg 216w, https:\/\/bohemianstarlight.com\/cz\/wp-content\/uploads\/Zelen\u00fd-hlava-737x1024.jpg 737w, https:\/\/bohemianstarlight.com\/cz\/wp-content\/uploads\/Zelen\u00fd-hlava.jpg 746w\" sizes=\"(max-width: 135px) 100vw, 135px\" \/><\/a><a href=\"http:\/\/bohemianstarlight.com\/cz\/wp-content\/uploads\/zelen\u00fd.jpg\"><img loading=\"lazy\" decoding=\"async\" class=\"alignnone wp-image-236\" src=\"http:\/\/bohemianstarlight.com\/cz\/wp-content\/uploads\/zelen\u00fd-300x179.jpg\" alt=\"zelen\u00fd\" width=\"313\" height=\"187\" srcset=\"https:\/\/bohemianstarlight.com\/cz\/wp-content\/uploads\/zelen\u00fd-300x179.jpg 300w, https:\/\/bohemianstarlight.com\/cz\/wp-content\/uploads\/zelen\u00fd-1024x613.jpg 1024w, https:\/\/bohemianstarlight.com\/cz\/wp-content\/uploads\/zelen\u00fd.jpg 1180w\" sizes=\"(max-width: 313px) 100vw, 313px\" \/><\/a><\/p>\n<p><span style=\"color: #000000;\"><strong>By My Dream from Bohemian Starlight ( Gery)<\/strong><\/span><\/p>\n<p><a href=\"http:\/\/bohemianstarlight.com\/cz\/wp-content\/uploads\/Hn\u011bd\u00fd-hlava.jpg\"><img loading=\"lazy\" decoding=\"async\" class=\"alignnone wp-image-231\" src=\"http:\/\/bohemianstarlight.com\/cz\/wp-content\/uploads\/Hn\u011bd\u00fd-hlava-259x300.jpg\" alt=\"Hn\u011bd\u00fd hlava\" width=\"154\" height=\"178\" srcset=\"https:\/\/bohemianstarlight.com\/cz\/wp-content\/uploads\/Hn\u011bd\u00fd-hlava-259x300.jpg 259w, https:\/\/bohemianstarlight.com\/cz\/wp-content\/uploads\/Hn\u011bd\u00fd-hlava-883x1024.jpg 883w, https:\/\/bohemianstarlight.com\/cz\/wp-content\/uploads\/Hn\u011bd\u00fd-hlava.jpg 887w\" sizes=\"(max-width: 154px) 100vw, 154px\" \/><\/a><a href=\"http:\/\/bohemianstarlight.com\/cz\/wp-content\/uploads\/hn\u011bd\u00fd.jpg\"><img loading=\"lazy\" decoding=\"async\" class=\"alignnone wp-image-232\" src=\"http:\/\/bohemianstarlight.com\/cz\/wp-content\/uploads\/hn\u011bd\u00fd-300x180.jpg\" alt=\"hn\u011bd\u00fd\" width=\"295\" height=\"177\" srcset=\"https:\/\/bohemianstarlight.com\/cz\/wp-content\/uploads\/hn\u011bd\u00fd-300x180.jpg 300w, https:\/\/bohemianstarlight.com\/cz\/wp-content\/uploads\/hn\u011bd\u00fd-1024x613.jpg 1024w, https:\/\/bohemianstarlight.com\/cz\/wp-content\/uploads\/hn\u011bd\u00fd.jpg 1141w\" sizes=\"(max-width: 295px) 100vw, 295px\" \/><\/a><\/p>\n<p><span style=\"color: #000000;\"><strong>Be My Life from Bohemian Starlight ( Benny )<\/strong><\/span><\/p>\n<p><a href=\"http:\/\/bohemianstarlight.com\/cz\/wp-content\/uploads\/Modr\u00fd-hlava.jpg\"><img loading=\"lazy\" decoding=\"async\" class=\"alignnone wp-image-233\" src=\"http:\/\/bohemianstarlight.com\/cz\/wp-content\/uploads\/Modr\u00fd-hlava-235x300.jpg\" alt=\"Modr\u00fd hlava\" width=\"146\" height=\"186\" srcset=\"https:\/\/bohemianstarlight.com\/cz\/wp-content\/uploads\/Modr\u00fd-hlava-235x300.jpg 235w, https:\/\/bohemianstarlight.com\/cz\/wp-content\/uploads\/Modr\u00fd-hlava.jpg 796w\" sizes=\"(max-width: 146px) 100vw, 146px\" \/><\/a><a href=\"http:\/\/bohemianstarlight.com\/cz\/wp-content\/uploads\/Modr\u00fd.jpg\"><img loading=\"lazy\" decoding=\"async\" class=\"alignnone size-medium wp-image-234\" src=\"http:\/\/bohemianstarlight.com\/cz\/wp-content\/uploads\/Modr\u00fd-300x185.jpg\" alt=\"Modr\u00fd\" width=\"300\" height=\"185\" srcset=\"https:\/\/bohemianstarlight.com\/cz\/wp-content\/uploads\/Modr\u00fd-300x185.jpg 300w, https:\/\/bohemianstarlight.com\/cz\/wp-content\/uploads\/Modr\u00fd-1024x633.jpg 1024w, https:\/\/bohemianstarlight.com\/cz\/wp-content\/uploads\/Modr\u00fd.jpg 1131w\" sizes=\"(max-width: 300px) 100vw, 300px\" \/><\/a><\/p>\n","protected":false},"excerpt":{"rendered":"<p>\u00a0 Otec: Multi CH. Fils a Papa De La Cite Des Etangs\u00a0 \u00a0 Matka: C.I.E, C.I.B. Rainox Release Star Shine\u00a0\u00a0 \u00a0 Narozen\u00e9: 17.2.2015 Beauty from Bohemian Starlight\u00a0 ( B\u00e1ra ) \u00a0 Blueberry from Bohemian Starlight ( Ruby) Baguette de France Bohemian Starlight ( Bagetka) Be My Secret from Bohemian Starlight ( Matty) Be My Sultan [&hellip;]<\/p>\n","protected":false},"author":1,"featured_media":0,"parent":63,"menu_order":2,"comment_status":"open","ping_status":"open","template":"","meta":{"footnotes":""},"class_list":["post-230","page","type-page","status-publish","hentry"],"_links":{"self":[{"href":"https:\/\/bohemianstarlight.com\/cz\/wp-json\/wp\/v2\/pages\/230"}],"collection":[{"href":"https:\/\/bohemianstarlight.com\/cz\/wp-json\/wp\/v2\/pages"}],"about":[{"href":"https:\/\/bohemianstarlight.com\/cz\/wp-json\/wp\/v2\/types\/page"}],"author":[{"embeddable":true,"href":"https:\/\/bohemianstarlight.com\/cz\/wp-json\/wp\/v2\/users\/1"}],"replies":[{"embeddable":true,"href":"https:\/\/bohemianstarlight.com\/cz\/wp-json\/wp\/v2\/comments?post=230"}],"version-history":[{"count":5,"href":"https:\/\/bohemianstarlight.com\/cz\/wp-json\/wp\/v2\/pages\/230\/revisions"}],"predecessor-version":[{"id":306,"href":"https:\/\/bohemianstarlight.com\/cz\/wp-json\/wp\/v2\/pages\/230\/revisions\/306"}],"up":[{"embeddable":true,"href":"https:\/\/bohemianstarlight.com\/cz\/wp-json\/wp\/v2\/pages\/63"}],"wp:attachment":[{"href":"https:\/\/bohemianstarlight.com\/cz\/wp-json\/wp\/v2\/media?parent=230"}],"curies":[{"name":"wp","href":"https:\/\/api.w.org\/{rel}","templated":true}]}}