{"id":199,"date":"2015-01-23T21:48:27","date_gmt":"2015-01-23T21:48:27","guid":{"rendered":"http:\/\/bohemianstarlight.com\/cz\/?page_id=199"},"modified":"2016-02-20T17:12:53","modified_gmt":"2016-02-20T17:12:53","slug":"vrh-a","status":"publish","type":"page","link":"https:\/\/bohemianstarlight.com\/cz\/stenata\/odchovy\/vrh-a\/","title":{"rendered":"VRH A"},"content":{"rendered":"<p><span style=\"color: #000000;\"><strong><span style=\"font-size: 12pt; font-family: arial,helvetica,sans-serif;\">Rainox Release Star Shine x Gillbryan Joseph&#8217;s Dream<\/span><\/strong><\/span><\/p>\n<p><span style=\"font-size: 12pt; color: #000000;\"><strong>4.6.2013<\/strong><\/span><\/p>\n<p><strong><span style=\"color: #000000;\">ARAGORN from Bohemian Starlight<\/span><\/strong><\/p>\n<p><span style=\"color: #000000;\"><a style=\"color: #000000;\" href=\"http:\/\/bohemianstarlight.com\/cz\/wp-content\/uploads\/modry-aragorn.jpg\"><img loading=\"lazy\" decoding=\"async\" class=\"alignnone size-medium wp-image-206\" src=\"http:\/\/bohemianstarlight.com\/cz\/wp-content\/uploads\/modry-aragorn-300x218.jpg\" alt=\"modry aragorn\" width=\"300\" height=\"218\" srcset=\"https:\/\/bohemianstarlight.com\/cz\/wp-content\/uploads\/modry-aragorn-300x218.jpg 300w, https:\/\/bohemianstarlight.com\/cz\/wp-content\/uploads\/modry-aragorn-1024x746.jpg 1024w\" sizes=\"(max-width: 300px) 100vw, 300px\" \/><\/a><a href=\"http:\/\/bohemianstarlight.com\/cz\/wp-content\/uploads\/Argo.jpg\" rel=\"attachment wp-att-286\"><img loading=\"lazy\" decoding=\"async\" class=\"alignnone wp-image-286\" src=\"http:\/\/bohemianstarlight.com\/cz\/wp-content\/uploads\/Argo-300x250.jpg\" alt=\"Argo\" width=\"258\" height=\"215\" srcset=\"https:\/\/bohemianstarlight.com\/cz\/wp-content\/uploads\/Argo-300x250.jpg 300w, https:\/\/bohemianstarlight.com\/cz\/wp-content\/uploads\/Argo-768x641.jpg 768w, https:\/\/bohemianstarlight.com\/cz\/wp-content\/uploads\/Argo-1024x855.jpg 1024w\" sizes=\"(max-width: 258px) 100vw, 258px\" \/><\/a><\/span><\/p>\n<p><a href=\"http:\/\/bohemianstarlight.com\/cz\/wp-content\/uploads\/argo1.jpg\" rel=\"attachment wp-att-287\"><img loading=\"lazy\" decoding=\"async\" class=\"alignnone size-medium wp-image-287\" src=\"http:\/\/bohemianstarlight.com\/cz\/wp-content\/uploads\/argo1-208x300.jpg\" alt=\"argo1\" width=\"208\" height=\"300\" srcset=\"https:\/\/bohemianstarlight.com\/cz\/wp-content\/uploads\/argo1-208x300.jpg 208w, https:\/\/bohemianstarlight.com\/cz\/wp-content\/uploads\/argo1-768x1109.jpg 768w, https:\/\/bohemianstarlight.com\/cz\/wp-content\/uploads\/argo1-709x1024.jpg 709w\" sizes=\"(max-width: 208px) 100vw, 208px\" \/><\/a><\/p>\n<p><strong><span style=\"color: #000000;\">AUGUR from Bohemian Starlight<\/span><\/strong><\/p>\n<p><span style=\"color: #000000;\"><strong>DKK B\/B\u00a0\u00a0\u00a0\u00a0\u00a0\u00a0 DLK 0\/0<\/strong><\/span><\/p>\n<p><span style=\"color: #000000;\"><a style=\"color: #000000;\" href=\"http:\/\/bohemianstarlight.com\/cz\/wp-content\/uploads\/\u010dern\u00fd.jpg\"><img loading=\"lazy\" decoding=\"async\" class=\"alignnone size-medium wp-image-200\" src=\"http:\/\/bohemianstarlight.com\/cz\/wp-content\/uploads\/\u010dern\u00fd-300x211.jpg\" alt=\"\u010dern\u00fd\" width=\"300\" height=\"211\" srcset=\"https:\/\/bohemianstarlight.com\/cz\/wp-content\/uploads\/\u010dern\u00fd-300x211.jpg 300w, https:\/\/bohemianstarlight.com\/cz\/wp-content\/uploads\/\u010dern\u00fd-1024x720.jpg 1024w\" sizes=\"(max-width: 300px) 100vw, 300px\" \/><\/a><a href=\"http:\/\/bohemianstarlight.com\/cz\/wp-content\/uploads\/augur.jpg\" rel=\"attachment wp-att-288\"><img loading=\"lazy\" decoding=\"async\" class=\"alignnone wp-image-288\" src=\"http:\/\/bohemianstarlight.com\/cz\/wp-content\/uploads\/augur-300x199.jpg\" alt=\"augur\" width=\"298\" height=\"198\" srcset=\"https:\/\/bohemianstarlight.com\/cz\/wp-content\/uploads\/augur-300x199.jpg 300w, https:\/\/bohemianstarlight.com\/cz\/wp-content\/uploads\/augur-768x509.jpg 768w, https:\/\/bohemianstarlight.com\/cz\/wp-content\/uploads\/augur.jpg 960w\" sizes=\"(max-width: 298px) 100vw, 298px\" \/><\/a><\/span><\/p>\n<p><strong><span style=\"color: #000000;\">AVALANCHE from Bohemian Starlight<\/span><\/strong><\/p>\n<p><span style=\"color: #000000;\"><a style=\"color: #000000;\" href=\"http:\/\/bohemianstarlight.com\/cz\/wp-content\/uploads\/zeleny.jpg\"><img loading=\"lazy\" decoding=\"async\" class=\"alignnone size-medium wp-image-204\" src=\"http:\/\/bohemianstarlight.com\/cz\/wp-content\/uploads\/zeleny-300x211.jpg\" alt=\"zeleny\" width=\"300\" height=\"211\" srcset=\"https:\/\/bohemianstarlight.com\/cz\/wp-content\/uploads\/zeleny-300x211.jpg 300w, https:\/\/bohemianstarlight.com\/cz\/wp-content\/uploads\/zeleny-1024x720.jpg 1024w\" sizes=\"(max-width: 300px) 100vw, 300px\" \/><\/a><\/span><\/p>\n<p><strong><span style=\"color: #000000;\">ANABEE from Bohemian Starlight<\/span><\/strong><\/p>\n<p><span style=\"color: #000000;\"><a style=\"color: #000000;\" href=\"http:\/\/bohemianstarlight.com\/cz\/wp-content\/uploads\/\u010dervena.jpg\"><img loading=\"lazy\" decoding=\"async\" class=\"alignnone size-medium wp-image-205\" src=\"http:\/\/bohemianstarlight.com\/cz\/wp-content\/uploads\/\u010dervena-300x241.jpg\" alt=\"\u010dervena\" width=\"300\" height=\"241\" srcset=\"https:\/\/bohemianstarlight.com\/cz\/wp-content\/uploads\/\u010dervena-300x241.jpg 300w, https:\/\/bohemianstarlight.com\/cz\/wp-content\/uploads\/\u010dervena-1024x821.jpg 1024w\" sizes=\"(max-width: 300px) 100vw, 300px\" \/><\/a><\/span><\/p>\n<p><strong><span style=\"color: #000000;\">AYRIN from Bohemian Starlight<\/span><\/strong><\/p>\n<p><span style=\"color: #000000;\"><strong>DKK A\/B\u00a0\u00a0 DLK 0\/0<\/strong><\/span><\/p>\n<p><span style=\"color: #000000;\"><a style=\"color: #000000;\" href=\"http:\/\/bohemianstarlight.com\/cz\/wp-content\/uploads\/r\u016f\u017eov\u00e11.jpg\"><img loading=\"lazy\" decoding=\"async\" class=\"alignnone wp-image-202\" src=\"http:\/\/bohemianstarlight.com\/cz\/wp-content\/uploads\/r\u016f\u017eov\u00e11-300x215.jpg\" alt=\"r\u016f\u017eov\u00e11\" width=\"280\" height=\"201\" srcset=\"https:\/\/bohemianstarlight.com\/cz\/wp-content\/uploads\/r\u016f\u017eov\u00e11-300x215.jpg 300w, https:\/\/bohemianstarlight.com\/cz\/wp-content\/uploads\/r\u016f\u017eov\u00e11-1024x734.jpg 1024w\" sizes=\"(max-width: 280px) 100vw, 280px\" \/><\/a><a href=\"http:\/\/bohemianstarlight.com\/cz\/wp-content\/uploads\/Ayrin.jpg\" rel=\"attachment wp-att-283\"><img loading=\"lazy\" decoding=\"async\" class=\"alignnone wp-image-283\" src=\"http:\/\/bohemianstarlight.com\/cz\/wp-content\/uploads\/Ayrin-300x209.jpg\" alt=\"Ayrin\" width=\"291\" height=\"203\" srcset=\"https:\/\/bohemianstarlight.com\/cz\/wp-content\/uploads\/Ayrin-300x209.jpg 300w, https:\/\/bohemianstarlight.com\/cz\/wp-content\/uploads\/Ayrin-768x534.jpg 768w, https:\/\/bohemianstarlight.com\/cz\/wp-content\/uploads\/Ayrin-1024x713.jpg 1024w, https:\/\/bohemianstarlight.com\/cz\/wp-content\/uploads\/Ayrin.jpg 1105w\" sizes=\"(max-width: 291px) 100vw, 291px\" \/><\/a><a href=\"http:\/\/bohemianstarlight.com\/cz\/wp-content\/uploads\/Ayrin1.jpg\" rel=\"attachment wp-att-284\"><img loading=\"lazy\" decoding=\"async\" class=\"alignnone wp-image-284\" src=\"http:\/\/bohemianstarlight.com\/cz\/wp-content\/uploads\/Ayrin1-300x201.jpg\" alt=\"Ayrin1\" width=\"325\" height=\"218\" srcset=\"https:\/\/bohemianstarlight.com\/cz\/wp-content\/uploads\/Ayrin1-300x201.jpg 300w, https:\/\/bohemianstarlight.com\/cz\/wp-content\/uploads\/Ayrin1-768x514.jpg 768w, https:\/\/bohemianstarlight.com\/cz\/wp-content\/uploads\/Ayrin1.jpg 960w\" sizes=\"(max-width: 325px) 100vw, 325px\" \/><\/a><a href=\"http:\/\/bohemianstarlight.com\/cz\/wp-content\/uploads\/Ayrin2.jpg\" rel=\"attachment wp-att-285\"><img loading=\"lazy\" decoding=\"async\" class=\"alignnone wp-image-285\" src=\"http:\/\/bohemianstarlight.com\/cz\/wp-content\/uploads\/Ayrin2-300x270.jpg\" alt=\"Ayrin2\" width=\"243\" height=\"219\" srcset=\"https:\/\/bohemianstarlight.com\/cz\/wp-content\/uploads\/Ayrin2-300x270.jpg 300w, https:\/\/bohemianstarlight.com\/cz\/wp-content\/uploads\/Ayrin2-768x690.jpg 768w, https:\/\/bohemianstarlight.com\/cz\/wp-content\/uploads\/Ayrin2.jpg 960w\" sizes=\"(max-width: 243px) 100vw, 243px\" \/><\/a><\/span><\/p>\n","protected":false},"excerpt":{"rendered":"<p>Rainox Release Star Shine x Gillbryan Joseph&#8217;s Dream 4.6.2013 ARAGORN from Bohemian Starlight AUGUR from Bohemian Starlight DKK B\/B\u00a0\u00a0\u00a0\u00a0\u00a0\u00a0 DLK 0\/0 AVALANCHE from Bohemian Starlight ANABEE from Bohemian Starlight AYRIN from Bohemian Starlight DKK A\/B\u00a0\u00a0 DLK 0\/0<\/p>\n","protected":false},"author":1,"featured_media":0,"parent":63,"menu_order":0,"comment_status":"open","ping_status":"open","template":"","meta":{"footnotes":""},"class_list":["post-199","page","type-page","status-publish","hentry"],"_links":{"self":[{"href":"https:\/\/bohemianstarlight.com\/cz\/wp-json\/wp\/v2\/pages\/199"}],"collection":[{"href":"https:\/\/bohemianstarlight.com\/cz\/wp-json\/wp\/v2\/pages"}],"about":[{"href":"https:\/\/bohemianstarlight.com\/cz\/wp-json\/wp\/v2\/types\/page"}],"author":[{"embeddable":true,"href":"https:\/\/bohemianstarlight.com\/cz\/wp-json\/wp\/v2\/users\/1"}],"replies":[{"embeddable":true,"href":"https:\/\/bohemianstarlight.com\/cz\/wp-json\/wp\/v2\/comments?post=199"}],"version-history":[{"count":7,"href":"https:\/\/bohemianstarlight.com\/cz\/wp-json\/wp\/v2\/pages\/199\/revisions"}],"predecessor-version":[{"id":292,"href":"https:\/\/bohemianstarlight.com\/cz\/wp-json\/wp\/v2\/pages\/199\/revisions\/292"}],"up":[{"embeddable":true,"href":"https:\/\/bohemianstarlight.com\/cz\/wp-json\/wp\/v2\/pages\/63"}],"wp:attachment":[{"href":"https:\/\/bohemianstarlight.com\/cz\/wp-json\/wp\/v2\/media?parent=199"}],"curies":[{"name":"wp","href":"https:\/\/api.w.org\/{rel}","templated":true}]}}