{"id":159,"date":"2015-01-23T17:27:14","date_gmt":"2015-01-23T17:27:14","guid":{"rendered":"http:\/\/bohemianstarlight.com\/cz\/?page_id=159"},"modified":"2016-02-20T21:09:10","modified_gmt":"2016-02-20T21:09:10","slug":"pinia-rozmachany-ogon","status":"publish","type":"page","link":"https:\/\/bohemianstarlight.com\/cz\/nasi-psi\/pinia-rozmachany-ogon\/","title":{"rendered":"PINIA Rozmachany Ogon"},"content":{"rendered":"<p>&nbsp;<\/p>\n<p><span style=\"font-family: arial,helvetica,sans-serif; font-size: 14pt; color: #000000;\"><strong>&#8222;MOLLY&#8220;<\/strong><\/span><\/p>\n<p><span style=\"color: #000000;\"><a style=\"color: #000000;\" href=\"http:\/\/bohemianstarlight.com\/cz\/wp-content\/uploads\/Molly-Brno.jpg\"><img loading=\"lazy\" decoding=\"async\" class=\"alignnone size-medium wp-image-179\" src=\"http:\/\/bohemianstarlight.com\/cz\/wp-content\/uploads\/Molly-Brno-300x199.jpg\" alt=\"Molly Brno\" width=\"300\" height=\"199\" srcset=\"https:\/\/bohemianstarlight.com\/cz\/wp-content\/uploads\/Molly-Brno-300x199.jpg 300w, https:\/\/bohemianstarlight.com\/cz\/wp-content\/uploads\/Molly-Brno.jpg 960w\" sizes=\"(max-width: 300px) 100vw, 300px\" \/><\/a><\/span><\/p>\n<p><span style=\"font-family: arial,helvetica,sans-serif; font-size: 14pt; color: #000000;\">\u00a0<span style=\"font-size: 12pt;\"><strong>Narozena:<\/strong> 12.12.2013<\/span><\/span><\/p>\n<p><span style=\"font-family: arial,helvetica,sans-serif; font-size: 12pt; color: #000000;\"><strong>DKK: A\/A<br \/>\n<\/strong><\/span><\/p>\n<p><span style=\"font-family: arial,helvetica,sans-serif; font-size: 12pt; color: #000000;\"><strong>DLK: 0\/0<br \/>\n<\/strong><\/span><\/p>\n<p><span style=\"font-family: arial,helvetica,sans-serif; font-size: 12pt; color: #000000;\"><strong>Genetic tests:<\/strong><\/span><\/p>\n<p><span style=\"font-family: arial,helvetica,sans-serif; font-size: 12pt; color: #000000;\">GR-PRA1 clear<\/span><\/p>\n<p><span style=\"font-family: arial,helvetica,sans-serif; font-size: 12pt; color: #000000;\">GR-PRA2 clear <\/span><\/p>\n<p><span style=\"font-family: arial,helvetica,sans-serif; font-size: 12pt; color: #000000;\">Ichtyose (ICT-A) carrier<\/span><\/p>\n<p><span style=\"font-family: arial,helvetica,sans-serif; font-size: 12pt; color: #000000;\"><strong>Matka<\/strong>: CH PL BIBI Rozmachany Ogon<\/span><\/p>\n<p><span style=\"font-family: arial,helvetica,sans-serif; font-size: 12pt; color: #000000;\"><strong>Otec:<\/strong> C.I.E, SE &amp; NO &amp; LV &amp; CY &amp; RO CH, Multi JCH Zampanzar Sweet Seconds BYJW-11<\/span><\/p>\n<p><span style=\"font-size: 12pt; font-family: arial,helvetica,sans-serif; color: #000000;\">Skus n\u016f\u017ekov\u00fd,plnochrup\u00e1<\/span><\/p>\n<p><span style=\"font-size: 12pt; font-family: arial,helvetica,sans-serif; color: #000000;\">V\u00fd\u0161ka: 56 cm<\/span><\/p>\n<p><span style=\"color: #000000; font-size: 12pt;\">OVVR 1.cena, 208 bod\u016f<\/span><\/p>\n<p><span style=\"color: #000000;\"><a style=\"color: #000000;\" title=\"Pedigree Molly\" href=\"http:\/\/www.k9data.com\/pedigree.asp?ID=570734\" target=\"_blank\">http:\/\/www.k9data.com\/pedigree.asp?ID=570734<\/a><\/span><\/p>\n<p><span style=\"color: #000000;\"><a href=\"http:\/\/bohemianstarlight.com\/cz\/wp-content\/uploads\/Molly1.jpg\" rel=\"attachment wp-att-281\"><img loading=\"lazy\" decoding=\"async\" class=\"alignnone wp-image-281\" src=\"http:\/\/bohemianstarlight.com\/cz\/wp-content\/uploads\/Molly1-300x256.jpg\" alt=\"Molly1\" width=\"234\" height=\"200\" srcset=\"https:\/\/bohemianstarlight.com\/cz\/wp-content\/uploads\/Molly1-300x256.jpg 300w, https:\/\/bohemianstarlight.com\/cz\/wp-content\/uploads\/Molly1-768x655.jpg 768w, https:\/\/bohemianstarlight.com\/cz\/wp-content\/uploads\/Molly1.jpg 1008w\" sizes=\"(max-width: 234px) 100vw, 234px\" \/><\/a><a style=\"color: #000000;\" href=\"http:\/\/bohemianstarlight.com\/cz\/wp-content\/uploads\/Molly-kuk.jpg\"><img loading=\"lazy\" decoding=\"async\" class=\"alignnone size-medium wp-image-181\" src=\"http:\/\/bohemianstarlight.com\/cz\/wp-content\/uploads\/Molly-kuk-300x199.jpg\" alt=\"Molly kuk\" width=\"300\" height=\"199\" srcset=\"https:\/\/bohemianstarlight.com\/cz\/wp-content\/uploads\/Molly-kuk-300x199.jpg 300w, https:\/\/bohemianstarlight.com\/cz\/wp-content\/uploads\/Molly-kuk.jpg 960w\" sizes=\"(max-width: 300px) 100vw, 300px\" \/><\/a><\/span><\/p>\n<p><a href=\"http:\/\/bohemianstarlight.com\/cz\/wp-content\/uploads\/molly-mala.jpg\"><img loading=\"lazy\" decoding=\"async\" class=\"alignnone size-medium wp-image-183\" src=\"http:\/\/bohemianstarlight.com\/cz\/wp-content\/uploads\/molly-mala-300x225.jpg\" alt=\"molly mala\" width=\"300\" height=\"225\" srcset=\"https:\/\/bohemianstarlight.com\/cz\/wp-content\/uploads\/molly-mala-300x225.jpg 300w, https:\/\/bohemianstarlight.com\/cz\/wp-content\/uploads\/molly-mala.jpg 960w\" sizes=\"(max-width: 300px) 100vw, 300px\" \/><\/a><\/p>\n<table>\n<tbody>\n<tr>\n<td width=\"71\"><\/td>\n<td width=\"163\"><span style=\"color: #000000;\">ROK 2014<\/span><\/td>\n<td width=\"174\"><\/td>\n<td width=\"190\"><\/td>\n<\/tr>\n<tr>\n<td><\/td>\n<td><\/td>\n<td><\/td>\n<td><\/td>\n<\/tr>\n<tr>\n<td><span style=\"color: #000000;\">10.5.2014<\/span><\/td>\n<td><span style=\"color: #000000;\">KV Humpolec, CZ<\/span><\/td>\n<td><span style=\"color: #000000;\">velmi nad\u011bjn\u00e1 1<\/span><\/td>\n<td><span style=\"color: #000000;\">Mrs.Lane Sandy<\/span><\/td>\n<\/tr>\n<tr>\n<td><span style=\"color: #000000;\">11.5.2014<\/span><\/td>\n<td><span style=\"color: #000000;\">KV Humpolec, CZ<\/span><\/td>\n<td><span style=\"color: #000000;\">velmi nad\u011bjn\u00e1 1<\/span><\/td>\n<td><span style=\"color: #000000;\">Mr.Lane Bob<\/span><\/td>\n<\/tr>\n<tr>\n<td><span style=\"color: #000000;\">31.5.2014<\/span><\/td>\n<td><span style=\"color: #000000;\">SV Konopi\u0161t\u011b, CZ<\/span><\/td>\n<td><span style=\"color: #000000;\">velmi nad\u011bjn\u00e1 4<\/span><\/td>\n<td><span style=\"color: #000000;\">Mrs.Sue Brown<\/span><\/td>\n<\/tr>\n<tr>\n<td><span style=\"color: #000000;\">1.6.2014<\/span><\/td>\n<td><span style=\"color: #000000;\">KV Konopi\u0161t\u011b, CZ<\/span><\/td>\n<td><span style=\"color: #000000;\">velmi nad\u011bjn\u00e1 1, BIS Baby<\/span><\/td>\n<td><span style=\"color: #000000;\">Mrs.Penny Gowlands<\/span><\/td>\n<\/tr>\n<tr>\n<td><span style=\"color: #000000;\">27.9.2014<\/span><\/td>\n<td><span style=\"color: #000000;\">NV Brno, CZ<\/span><\/td>\n<td><span style=\"color: #000000;\">V\u00fdborn\u00e1 1<\/span><\/td>\n<td><span style=\"color: #000000;\">Iuza Beradze<\/span><\/td>\n<\/tr>\n<tr>\n<td><span style=\"color: #000000;\">1.11.2014<\/span><\/td>\n<td><span style=\"color: #000000;\">MVP Praha, CZ<\/span><\/td>\n<td><span style=\"color: #000000;\">V\u00fdborn\u00e1 1, CAJC<\/span><\/td>\n<td><span style=\"color: #000000;\">Holzer Sigrid<\/span><\/td>\n<\/tr>\n<tr>\n<td><span style=\"color: #000000;\">2.11.2014<\/span><\/td>\n<td><span style=\"color: #000000;\">MVP Praha, CZ<\/span><\/td>\n<td><span style=\"color: #000000;\">V\u00fdborn\u00e1 1, CAJC<\/span><\/td>\n<td><span style=\"color: #000000;\">Rosenberg Hans<\/span><\/td>\n<\/tr>\n<tr>\n<td><span style=\"color: #000000;\">8.11.2014<\/span><\/td>\n<td><span style=\"color: #000000;\">MVP \u0160empeter, SLO<\/span><\/td>\n<td><span style=\"color: #000000;\">V\u00fdborn\u00e1 4<\/span><\/td>\n<td><span style=\"color: #000000;\">Fabrizio la Rocca<\/span><\/td>\n<\/tr>\n<tr>\n<td><span style=\"color: #000000;\">9.11.2014<\/span><\/td>\n<td><span style=\"color: #000000;\">MVP Vrtojba, SLO<\/span><\/td>\n<td><span style=\"color: #000000;\">Velmi dobr\u00e1 3<\/span><\/td>\n<td><span style=\"color: #000000;\">Hans van den Berg<\/span><\/td>\n<\/tr>\n<tr>\n<td><span style=\"color: #000000;\">29.11.2014<\/span><\/td>\n<td><span style=\"color: #000000;\">MVP Nitra, SK<\/span><\/td>\n<td><span style=\"color: #000000;\">V\u00fdborn\u00e1 1, CAJC<\/span><\/td>\n<td><span style=\"color: #000000;\">B.Marki Casanova<\/span><\/td>\n<\/tr>\n<tr>\n<td><span style=\"color: #000000;\">30.11.2014<\/span><\/td>\n<td><span style=\"color: #000000;\">MVP Nitra, SK<\/span><\/td>\n<td><span style=\"color: #000000;\">V\u00fdborn\u00e1 3<\/span><\/td>\n<td><span style=\"color: #000000;\">Zdenka J\u00edlkov\u00e1<\/span><\/td>\n<\/tr>\n<tr>\n<td><\/td>\n<td><\/td>\n<td><\/td>\n<td><\/td>\n<\/tr>\n<tr>\n<td><\/td>\n<td><span style=\"color: #000000;\">ROK 2015<\/span><\/td>\n<td><\/td>\n<td><\/td>\n<\/tr>\n<tr>\n<td><\/td>\n<td><\/td>\n<td><\/td>\n<td><\/td>\n<\/tr>\n<tr>\n<td><span style=\"color: #000000;\">3.1.2015<\/span><\/td>\n<td><span style=\"color: #000000;\">NVP Brno, CZ<\/span><\/td>\n<td><span style=\"color: #000000;\">V\u00fdborn\u00e1 3<\/span><\/td>\n<td><span style=\"color: #000000;\">Vol\u00e1rikov\u00e1 Linda<\/span><\/td>\n<\/tr>\n<tr>\n<td><span style=\"color: #000000;\">23.5.2015<\/span><\/td>\n<td><span style=\"color: #000000;\">MVP Litom\u011b\u0159ice, CZ<\/span><\/td>\n<td><span style=\"color: #000000;\">V\u00fdborn\u00e1 2, Res.CAC<\/span><\/td>\n<td><span style=\"color: #000000;\">Pas\u00e1k Franti\u0161ek<\/span><\/td>\n<\/tr>\n<tr>\n<td><span style=\"color: #000000;\">24.5.2015<\/span><\/td>\n<td><span style=\"color: #000000;\">MVP Rzesz\u00f3w, PL<\/span><\/td>\n<td><span style=\"color: #000000;\">V\u00fdborn\u00e1 1, CAC<\/span><\/td>\n<td><span style=\"color: #000000;\">Ward Janis<\/span><\/td>\n<\/tr>\n<tr>\n<td><span style=\"color: #000000;\">30.5.2015<\/span><\/td>\n<td><span style=\"color: #000000;\">KV Konopi\u0161t\u011b, CZ<\/span><\/td>\n<td><span style=\"color: #000000;\">V\u00fdborn\u00e1 2, Res.CAC<\/span><\/td>\n<td><span style=\"color: #000000;\">Rikke Borring<\/span><\/td>\n<\/tr>\n<tr>\n<td><span style=\"color: #000000;\">5.6.2015<\/span><\/td>\n<td><span style=\"color: #000000;\">NVP Nitra, SK<\/span><\/td>\n<td><span style=\"color: #000000;\">V\u00fdborn\u00e1 1, CAJC, JBOB<\/span><\/td>\n<td><span style=\"color: #000000;\">Mate Duran E.<\/span><\/td>\n<\/tr>\n<tr>\n<td><span style=\"color: #000000;\">29.8.2015<\/span><\/td>\n<td><span style=\"color: #000000;\">MVP Mlad\u00e1 Boleslav, CZ<\/span><\/td>\n<td><span style=\"color: #000000;\">V\u00fdborn\u00e1 4<\/span><\/td>\n<td><span style=\"color: #000000;\">Piskay Vladim\u00edr<\/span><\/td>\n<\/tr>\n<tr>\n<td><span style=\"color: #000000;\">31.10.2015<\/span><\/td>\n<td><span style=\"color: #000000;\">MVP Praha, CZ<\/span><\/td>\n<td><span style=\"color: #000000;\">Velmi dobr\u00e1 4<\/span><\/td>\n<td><span style=\"color: #000000;\">Lundgren Bertil<\/span><\/td>\n<\/tr>\n<tr>\n<td><span style=\"color: #000000;\">1.11.2015<\/span><\/td>\n<td><span style=\"color: #000000;\">MVP Praha, CZ<\/span><\/td>\n<td><span style=\"color: #000000;\">V\u00fdborn\u00e1 3<\/span><\/td>\n<td><span style=\"color: #000000;\">Holm Hansen Marianne<\/span><\/td>\n<\/tr>\n<tr>\n<td><\/td>\n<td><\/td>\n<td><\/td>\n<td><\/td>\n<\/tr>\n<\/tbody>\n<\/table>\n","protected":false},"excerpt":{"rendered":"<p>&nbsp; &#8222;MOLLY&#8220; \u00a0Narozena: 12.12.2013 DKK: A\/A DLK: 0\/0 Genetic tests: GR-PRA1 clear GR-PRA2 clear Ichtyose (ICT-A) carrier Matka: CH PL BIBI Rozmachany Ogon Otec: C.I.E, SE &amp; NO &amp; LV &amp; CY &amp; RO CH, Multi JCH Zampanzar Sweet Seconds BYJW-11 Skus n\u016f\u017ekov\u00fd,plnochrup\u00e1 V\u00fd\u0161ka: 56 cm OVVR 1.cena, 208 bod\u016f http:\/\/www.k9data.com\/pedigree.asp?ID=570734 ROK 2014 10.5.2014 KV [&hellip;]<\/p>\n","protected":false},"author":1,"featured_media":0,"parent":30,"menu_order":2,"comment_status":"open","ping_status":"open","template":"","meta":{"footnotes":""},"class_list":["post-159","page","type-page","status-publish","hentry"],"_links":{"self":[{"href":"https:\/\/bohemianstarlight.com\/cz\/wp-json\/wp\/v2\/pages\/159"}],"collection":[{"href":"https:\/\/bohemianstarlight.com\/cz\/wp-json\/wp\/v2\/pages"}],"about":[{"href":"https:\/\/bohemianstarlight.com\/cz\/wp-json\/wp\/v2\/types\/page"}],"author":[{"embeddable":true,"href":"https:\/\/bohemianstarlight.com\/cz\/wp-json\/wp\/v2\/users\/1"}],"replies":[{"embeddable":true,"href":"https:\/\/bohemianstarlight.com\/cz\/wp-json\/wp\/v2\/comments?post=159"}],"version-history":[{"count":11,"href":"https:\/\/bohemianstarlight.com\/cz\/wp-json\/wp\/v2\/pages\/159\/revisions"}],"predecessor-version":[{"id":182,"href":"https:\/\/bohemianstarlight.com\/cz\/wp-json\/wp\/v2\/pages\/159\/revisions\/182"}],"up":[{"embeddable":true,"href":"https:\/\/bohemianstarlight.com\/cz\/wp-json\/wp\/v2\/pages\/30"}],"wp:attachment":[{"href":"https:\/\/bohemianstarlight.com\/cz\/wp-json\/wp\/v2\/media?parent=159"}],"curies":[{"name":"wp","href":"https:\/\/api.w.org\/{rel}","templated":true}]}}